{"id":234,"date":"2022-05-17T15:29:18","date_gmt":"2022-05-17T13:29:18","guid":{"rendered":"http:\/\/www.yhteisetaskeleet.fi\/aihio\/?page_id=234"},"modified":"2022-08-04T13:36:07","modified_gmt":"2022-08-04T11:36:07","slug":"perhetyo","status":"publish","type":"page","link":"http:\/\/www.yhteisetaskeleet.fi\/aihio\/index.php\/perhetyo\/","title":{"rendered":"Perhety\u00f6"},"content":{"rendered":"\t\t<div data-elementor-type=\"wp-page\" data-elementor-id=\"234\" class=\"elementor elementor-234\">\n\t\t\t\t\t\t\t\t\t<section class=\"elementor-section elementor-top-section elementor-element elementor-element-1492ecb elementor-section-boxed elementor-section-height-default elementor-section-height-default\" data-id=\"1492ecb\" data-element_type=\"section\">\n\t\t\t\t\t\t<div class=\"elementor-container elementor-column-gap-default\">\n\t\t\t\t\t<div class=\"elementor-column elementor-col-100 elementor-top-column elementor-element elementor-element-2f0e8a0\" data-id=\"2f0e8a0\" data-element_type=\"column\">\n\t\t\t<div class=\"elementor-widget-wrap elementor-element-populated\">\n\t\t\t\t\t\t\t\t<div class=\"elementor-element elementor-element-0d3c567 elementor-widget elementor-widget-heading\" data-id=\"0d3c567\" data-element_type=\"widget\" data-widget_type=\"heading.default\">\n\t\t\t\t<div class=\"elementor-widget-container\">\n\t\t\t<style>\/*! elementor - v3.6.5 - 27-04-2022 *\/\n.elementor-heading-title{padding:0;margin:0;line-height:1}.elementor-widget-heading .elementor-heading-title[class*=elementor-size-]>a{color:inherit;font-size:inherit;line-height:inherit}.elementor-widget-heading .elementor-heading-title.elementor-size-small{font-size:15px}.elementor-widget-heading .elementor-heading-title.elementor-size-medium{font-size:19px}.elementor-widget-heading .elementor-heading-title.elementor-size-large{font-size:29px}.elementor-widget-heading .elementor-heading-title.elementor-size-xl{font-size:39px}.elementor-widget-heading .elementor-heading-title.elementor-size-xxl{font-size:59px}<\/style><h2 class=\"elementor-heading-title elementor-size-large\">Perhety\u00f6<\/h2>\t\t<\/div>\n\t\t\t\t<\/div>\n\t\t\t\t\t<\/div>\n\t\t<\/div>\n\t\t\t\t\t\t\t<\/div>\n\t\t<\/section>\n\t\t\t\t<section class=\"elementor-section elementor-top-section elementor-element elementor-element-4642246 elementor-section-boxed elementor-section-height-default elementor-section-height-default\" data-id=\"4642246\" data-element_type=\"section\">\n\t\t\t\t\t\t<div class=\"elementor-container elementor-column-gap-default\">\n\t\t\t\t\t<div class=\"elementor-column elementor-col-50 elementor-top-column elementor-element elementor-element-92d347b\" data-id=\"92d347b\" data-element_type=\"column\">\n\t\t\t<div class=\"elementor-widget-wrap elementor-element-populated\">\n\t\t\t\t\t\t\t\t<div class=\"elementor-element elementor-element-f38fb3d elementor-widget elementor-widget-text-editor\" data-id=\"f38fb3d\" data-element_type=\"widget\" data-widget_type=\"text-editor.default\">\n\t\t\t\t<div class=\"elementor-widget-container\">\n\t\t\t<style>\/*! elementor - v3.6.5 - 27-04-2022 *\/\n.elementor-widget-text-editor.elementor-drop-cap-view-stacked .elementor-drop-cap{background-color:#818a91;color:#fff}.elementor-widget-text-editor.elementor-drop-cap-view-framed .elementor-drop-cap{color:#818a91;border:3px solid;background-color:transparent}.elementor-widget-text-editor:not(.elementor-drop-cap-view-default) .elementor-drop-cap{margin-top:8px}.elementor-widget-text-editor:not(.elementor-drop-cap-view-default) .elementor-drop-cap-letter{width:1em;height:1em}.elementor-widget-text-editor .elementor-drop-cap{float:left;text-align:center;line-height:1;font-size:50px}.elementor-widget-text-editor .elementor-drop-cap-letter{display:inline-block}<\/style>\t\t\t\t<p>Perhety\u00f6n tavoitteena on tukea ja auttaa perhett\u00e4 arjen haasteissa. Pyrkimyksen\u00e4 on perheen voimavarojen, osallisuuden ja toimintakyvyn kasvattaminen sek\u00e4 arjen hallinnan taitojen tukeminen. Ty\u00f6 on kokonaisvaltaista, suunnitelmallista ja pitk\u00e4j\u00e4nteist\u00e4 ja se\u00a0 suunnitellaan yhdess\u00e4 perheen sek\u00e4 heid\u00e4n oman sosiaality\u00f6ntekij\u00e4ns\u00e4 kanssa.<\/p><p>Perhety\u00f6t\u00e4 tehd\u00e4\u00e4n perheen omassa toimintaymp\u00e4rist\u00f6ss\u00e4 sen verkostot huomioiden. Ty\u00f6 perustuu luottamukseen, osallisuuden kasvattamiseen, toiminnallisuuteen ja positiivisuuteen.<\/p><p>Palvelua tuotetaan perheelle psykosiaalisena kokonaisuutena ja konkreettisesti palvelu toteutetaan perheelle tutussa ymp\u00e4rist\u00f6ss\u00e4.\u00a0<\/p><p>Palvelussa kartoitetaan perheen tilannetta, ehk\u00e4ist\u00e4\u00e4n haastavia tilanteita ja opetellaan uusia tapoja menetell\u00e4 mahdollisissa tulevissa haasteissa. Palveluun kuuluu tapaamisten raportointi sek\u00e4 s\u00e4\u00e4nn\u00f6llinen yhteydenpito perheen asioista vastaavan sosiaality\u00f6ntekij\u00f6n kanssa. Yleens\u00e4 prosessiin kuuluu tietyn v\u00e4liajoin pidett\u00e4v\u00e4t palaverit joissa arvioidaan tilannetta ja palveluntarvetta.\u00a0<\/p><p>\u00a0<\/p><p>\u00a0<\/p>\t\t\t\t\t\t<\/div>\n\t\t\t\t<\/div>\n\t\t\t\t\t<\/div>\n\t\t<\/div>\n\t\t\t\t<div class=\"elementor-column elementor-col-50 elementor-top-column elementor-element elementor-element-1ec7d99\" data-id=\"1ec7d99\" data-element_type=\"column\">\n\t\t\t<div class=\"elementor-widget-wrap elementor-element-populated\">\n\t\t\t\t\t\t\t\t<div class=\"elementor-element elementor-element-0f12e6c elementor-widget elementor-widget-image\" data-id=\"0f12e6c\" data-element_type=\"widget\" data-widget_type=\"image.default\">\n\t\t\t\t<div class=\"elementor-widget-container\">\n\t\t\t<style>\/*! elementor - v3.6.5 - 27-04-2022 *\/\n.elementor-widget-image{text-align:center}.elementor-widget-image a{display:inline-block}.elementor-widget-image a img[src$=\".svg\"]{width:48px}.elementor-widget-image img{vertical-align:middle;display:inline-block}<\/style>\t\t\t\t\t\t\t\t\t\t\t\t<img src=\"http:\/\/www.yhteisetaskeleet.fi\/aihio\/wp-content\/plugins\/elementor\/assets\/images\/placeholder.png\" title=\"\" alt=\"\" \/>\t\t\t\t\t\t\t\t\t\t\t\t\t\t\t<\/div>\n\t\t\t\t<\/div>\n\t\t\t\t\t<\/div>\n\t\t<\/div>\n\t\t\t\t\t\t\t<\/div>\n\t\t<\/section>\n\t\t\t\t\t\t\t<\/div>\n\t\t","protected":false},"excerpt":{"rendered":"<p>Perhety\u00f6 Perhety\u00f6n tavoitteena on tukea ja auttaa perhett\u00e4 arjen haasteissa. Pyrkimyksen\u00e4 on perheen voimavarojen, osallisuuden ja toimintakyvyn kasvattaminen sek\u00e4 arjen hallinnan taitojen tukeminen. Ty\u00f6 on kokonaisvaltaista, suunnitelmallista ja pitk\u00e4j\u00e4nteist\u00e4 ja se\u00a0 suunnitellaan yhdess\u00e4 perheen sek\u00e4 heid\u00e4n oman sosiaality\u00f6ntekij\u00e4ns\u00e4 kanssa. Perhety\u00f6t\u00e4 tehd\u00e4\u00e4n perheen omassa toimintaymp\u00e4rist\u00f6ss\u00e4 sen verkostot huomioiden. Ty\u00f6 perustuu luottamukseen, osallisuuden kasvattamiseen, toiminnallisuuteen ja positiivisuuteen. &hellip;<\/p>\n<p class=\"read-more\"> <a class=\"\" href=\"http:\/\/www.yhteisetaskeleet.fi\/aihio\/index.php\/perhetyo\/\"> <span class=\"screen-reader-text\">Perhety\u00f6<\/span> Lue lis\u00e4\u00e4 &raquo;<\/a><\/p>\n","protected":false},"author":1,"featured_media":0,"parent":0,"menu_order":0,"comment_status":"closed","ping_status":"closed","template":"elementor_header_footer","meta":{"_coblocks_attr":"","_coblocks_dimensions":"","_coblocks_responsive_height":"","_coblocks_accordion_ie_support":"","site-sidebar-layout":"no-sidebar","site-content-layout":"page-builder","ast-global-header-display":"","ast-main-header-display":"","ast-hfb-above-header-display":"","ast-hfb-below-header-display":"","ast-hfb-mobile-header-display":"","site-post-title":"disabled","ast-breadcrumbs-content":"","ast-featured-img":"disabled","footer-sml-layout":"","theme-transparent-header-meta":"","adv-header-id-meta":"","stick-header-meta":"","header-above-stick-meta":"","header-main-stick-meta":"","header-below-stick-meta":""},"_links":{"self":[{"href":"http:\/\/www.yhteisetaskeleet.fi\/aihio\/index.php\/wp-json\/wp\/v2\/pages\/234"}],"collection":[{"href":"http:\/\/www.yhteisetaskeleet.fi\/aihio\/index.php\/wp-json\/wp\/v2\/pages"}],"about":[{"href":"http:\/\/www.yhteisetaskeleet.fi\/aihio\/index.php\/wp-json\/wp\/v2\/types\/page"}],"author":[{"embeddable":true,"href":"http:\/\/www.yhteisetaskeleet.fi\/aihio\/index.php\/wp-json\/wp\/v2\/users\/1"}],"replies":[{"embeddable":true,"href":"http:\/\/www.yhteisetaskeleet.fi\/aihio\/index.php\/wp-json\/wp\/v2\/comments?post=234"}],"version-history":[{"count":13,"href":"http:\/\/www.yhteisetaskeleet.fi\/aihio\/index.php\/wp-json\/wp\/v2\/pages\/234\/revisions"}],"predecessor-version":[{"id":316,"href":"http:\/\/www.yhteisetaskeleet.fi\/aihio\/index.php\/wp-json\/wp\/v2\/pages\/234\/revisions\/316"}],"wp:attachment":[{"href":"http:\/\/www.yhteisetaskeleet.fi\/aihio\/index.php\/wp-json\/wp\/v2\/media?parent=234"}],"curies":[{"name":"wp","href":"https:\/\/api.w.org\/{rel}","templated":true}]}}