{"id":9,"date":"2022-01-26T16:50:18","date_gmt":"2022-01-26T16:50:18","guid":{"rendered":"http:\/\/www.yhteisetaskeleet.fi\/aihio\/?page_id=9"},"modified":"2022-10-04T16:44:32","modified_gmt":"2022-10-04T14:44:32","slug":"blogi","status":"publish","type":"page","link":"http:\/\/www.yhteisetaskeleet.fi\/aihio\/index.php\/blogi\/","title":{"rendered":"Palvelumme"},"content":{"rendered":"\t\t<div data-elementor-type=\"wp-page\" data-elementor-id=\"9\" class=\"elementor elementor-9\">\n\t\t\t\t\t\t\t\t\t<section class=\"elementor-section elementor-top-section elementor-element elementor-element-6eb217ec elementor-section-boxed elementor-section-height-default elementor-section-height-default\" data-id=\"6eb217ec\" data-element_type=\"section\">\n\t\t\t\t\t\t<div class=\"elementor-container elementor-column-gap-default\">\n\t\t\t\t\t<div class=\"elementor-column elementor-col-100 elementor-top-column elementor-element elementor-element-adae593\" data-id=\"adae593\" data-element_type=\"column\">\n\t\t\t<div class=\"elementor-widget-wrap elementor-element-populated\">\n\t\t\t\t\t\t\t\t<div class=\"elementor-element elementor-element-c34b46e elementor-widget elementor-widget-heading\" data-id=\"c34b46e\" data-element_type=\"widget\" data-widget_type=\"heading.default\">\n\t\t\t\t<div class=\"elementor-widget-container\">\n\t\t\t<style>\/*! elementor - v3.6.5 - 27-04-2022 *\/\n.elementor-heading-title{padding:0;margin:0;line-height:1}.elementor-widget-heading .elementor-heading-title[class*=elementor-size-]>a{color:inherit;font-size:inherit;line-height:inherit}.elementor-widget-heading .elementor-heading-title.elementor-size-small{font-size:15px}.elementor-widget-heading .elementor-heading-title.elementor-size-medium{font-size:19px}.elementor-widget-heading .elementor-heading-title.elementor-size-large{font-size:29px}.elementor-widget-heading .elementor-heading-title.elementor-size-xl{font-size:39px}.elementor-widget-heading .elementor-heading-title.elementor-size-xxl{font-size:59px}<\/style><h2 class=\"elementor-heading-title elementor-size-large\">Palvelumme<\/h2>\t\t<\/div>\n\t\t\t\t<\/div>\n\t\t\t\t\t<\/div>\n\t\t<\/div>\n\t\t\t\t\t\t\t<\/div>\n\t\t<\/section>\n\t\t\t\t<section class=\"elementor-section elementor-top-section elementor-element elementor-element-632e939 elementor-section-boxed elementor-section-height-default elementor-section-height-default\" data-id=\"632e939\" data-element_type=\"section\">\n\t\t\t\t\t\t<div class=\"elementor-container elementor-column-gap-default\">\n\t\t\t\t\t<div class=\"elementor-column elementor-col-33 elementor-top-column elementor-element elementor-element-5677404\" data-id=\"5677404\" data-element_type=\"column\">\n\t\t\t<div class=\"elementor-widget-wrap elementor-element-populated\">\n\t\t\t\t\t\t\t\t<div class=\"elementor-element elementor-element-e524092 elementor-widget elementor-widget-image\" data-id=\"e524092\" data-element_type=\"widget\" data-widget_type=\"image.default\">\n\t\t\t\t<div class=\"elementor-widget-container\">\n\t\t\t<style>\/*! elementor - v3.6.5 - 27-04-2022 *\/\n.elementor-widget-image{text-align:center}.elementor-widget-image a{display:inline-block}.elementor-widget-image a img[src$=\".svg\"]{width:48px}.elementor-widget-image img{vertical-align:middle;display:inline-block}<\/style>\t\t\t\t\t\t\t\t\t\t\t\t<img width=\"1024\" height=\"683\" src=\"http:\/\/www.yhteisetaskeleet.fi\/aihio\/wp-content\/uploads\/2022\/05\/woman-g672b29030_1920-1024x683.jpg\" class=\"attachment-large size-large\" alt=\"\" loading=\"lazy\" srcset=\"http:\/\/www.yhteisetaskeleet.fi\/aihio\/wp-content\/uploads\/2022\/05\/woman-g672b29030_1920-1024x683.jpg 1024w, http:\/\/www.yhteisetaskeleet.fi\/aihio\/wp-content\/uploads\/2022\/05\/woman-g672b29030_1920-300x200.jpg 300w, http:\/\/www.yhteisetaskeleet.fi\/aihio\/wp-content\/uploads\/2022\/05\/woman-g672b29030_1920-768x512.jpg 768w, http:\/\/www.yhteisetaskeleet.fi\/aihio\/wp-content\/uploads\/2022\/05\/woman-g672b29030_1920-1536x1024.jpg 1536w, http:\/\/www.yhteisetaskeleet.fi\/aihio\/wp-content\/uploads\/2022\/05\/woman-g672b29030_1920.jpg 1920w\" sizes=\"(max-width: 1024px) 100vw, 1024px\" \/>\t\t\t\t\t\t\t\t\t\t\t\t\t\t\t<\/div>\n\t\t\t\t<\/div>\n\t\t\t\t\t<\/div>\n\t\t<\/div>\n\t\t\t\t<div class=\"elementor-column elementor-col-66 elementor-top-column elementor-element elementor-element-0f2cf47\" data-id=\"0f2cf47\" data-element_type=\"column\">\n\t\t\t<div class=\"elementor-widget-wrap elementor-element-populated\">\n\t\t\t\t\t\t\t\t<div class=\"elementor-element elementor-element-4d2af4b elementor-widget elementor-widget-text-editor\" data-id=\"4d2af4b\" data-element_type=\"widget\" data-widget_type=\"text-editor.default\">\n\t\t\t\t<div class=\"elementor-widget-container\">\n\t\t\t<style>\/*! elementor - v3.6.5 - 27-04-2022 *\/\n.elementor-widget-text-editor.elementor-drop-cap-view-stacked .elementor-drop-cap{background-color:#818a91;color:#fff}.elementor-widget-text-editor.elementor-drop-cap-view-framed .elementor-drop-cap{color:#818a91;border:3px solid;background-color:transparent}.elementor-widget-text-editor:not(.elementor-drop-cap-view-default) .elementor-drop-cap{margin-top:8px}.elementor-widget-text-editor:not(.elementor-drop-cap-view-default) .elementor-drop-cap-letter{width:1em;height:1em}.elementor-widget-text-editor .elementor-drop-cap{float:left;text-align:center;line-height:1;font-size:50px}.elementor-widget-text-editor .elementor-drop-cap-letter{display:inline-block}<\/style>\t\t\t\t<h2 class=\"elementor-heading-title elementor-size-medium elementor-inline-editing pen\" contenteditable=\"true\" data-elementor-setting-key=\"title\" data-pen-placeholder=\"Kirjoita t\u00e4h\u00e4n...\">J\u00e4lkihuoltoty\u00f6<\/h2><p>J\u00e4lkihuollon tavoitteena on tukea itsen\u00e4istyv\u00e4\u00e4 nuorta oman el\u00e4m\u00e4n askeleissa. Arjen askareita ja joka p\u00e4iv\u00e4isen el\u00e4m\u00e4n taitoja harjoitellaan yhdess\u00e4 nuoren voimavarat, toimintaymp\u00e4rist\u00f6,\u00a0 l\u00e4heiset ihmiset ja l\u00e4hiverkostot huomioiden. Pureudumme mm. taloudenhallintaa, harrastustoimintaan, kodinhoitoon, sosiaalisten kanssak\u00e4ymisten harjoitteluun ja viranomaisasioiden hoitoon. Yhdess\u00e4.<\/p><p>J\u00e4lkihuolto suunnitellaan aina yhdess\u00e4 nuoren ja h\u00e4nen sosiaality\u00f6ntekij\u00e4ns\u00e4 kanssa. Ty\u00f6n kulmakivin\u00e4 ovat luottamus, asiakasl\u00e4ht\u00f6isyys, avoimuus ja positiivisuus. Onnistumisten, ilon ja uusien oivallusten kautta pyrimme auttamaan nuorta kasvamaan ja kehittym\u00e4\u00e4n itsen\u00e4isen\u00e4 toimijana.\u00a0<\/p>\t\t\t\t\t\t<\/div>\n\t\t\t\t<\/div>\n\t\t\t\t\t<\/div>\n\t\t<\/div>\n\t\t\t\t\t\t\t<\/div>\n\t\t<\/section>\n\t\t\t\t<section class=\"elementor-section elementor-top-section elementor-element elementor-element-657cda1 elementor-section-boxed elementor-section-height-default elementor-section-height-default\" data-id=\"657cda1\" data-element_type=\"section\">\n\t\t\t\t\t\t<div class=\"elementor-container elementor-column-gap-default\">\n\t\t\t\t\t<div class=\"elementor-column elementor-col-100 elementor-top-column elementor-element elementor-element-a7e4000\" data-id=\"a7e4000\" data-element_type=\"column\">\n\t\t\t<div class=\"elementor-widget-wrap elementor-element-populated\">\n\t\t\t\t\t\t\t\t<div class=\"elementor-element elementor-element-45a190a elementor-widget-divider--view-line elementor-widget elementor-widget-divider\" data-id=\"45a190a\" data-element_type=\"widget\" data-widget_type=\"divider.default\">\n\t\t\t\t<div class=\"elementor-widget-container\">\n\t\t\t<style>\/*! elementor - v3.6.5 - 27-04-2022 *\/\n.elementor-widget-divider{--divider-border-style:none;--divider-border-width:1px;--divider-color:#2c2c2c;--divider-icon-size:20px;--divider-element-spacing:10px;--divider-pattern-height:24px;--divider-pattern-size:20px;--divider-pattern-url:none;--divider-pattern-repeat:repeat-x}.elementor-widget-divider .elementor-divider{display:-webkit-box;display:-ms-flexbox;display:flex}.elementor-widget-divider .elementor-divider__text{font-size:15px;line-height:1;max-width:95%}.elementor-widget-divider .elementor-divider__element{margin:0 var(--divider-element-spacing);-ms-flex-negative:0;flex-shrink:0}.elementor-widget-divider .elementor-icon{font-size:var(--divider-icon-size)}.elementor-widget-divider .elementor-divider-separator{display:-webkit-box;display:-ms-flexbox;display:flex;margin:0;direction:ltr}.elementor-widget-divider--view-line_icon .elementor-divider-separator,.elementor-widget-divider--view-line_text .elementor-divider-separator{-webkit-box-align:center;-ms-flex-align:center;align-items:center}.elementor-widget-divider--view-line_icon .elementor-divider-separator:after,.elementor-widget-divider--view-line_icon .elementor-divider-separator:before,.elementor-widget-divider--view-line_text .elementor-divider-separator:after,.elementor-widget-divider--view-line_text .elementor-divider-separator:before{display:block;content:\"\";border-bottom:0;-webkit-box-flex:1;-ms-flex-positive:1;flex-grow:1;border-top:var(--divider-border-width) var(--divider-border-style) var(--divider-color)}.elementor-widget-divider--element-align-left .elementor-divider .elementor-divider-separator>.elementor-divider__svg:first-of-type{-webkit-box-flex:0;-ms-flex-positive:0;flex-grow:0;-ms-flex-negative:100;flex-shrink:100}.elementor-widget-divider--element-align-left .elementor-divider-separator:before{content:none}.elementor-widget-divider--element-align-left .elementor-divider__element{margin-left:0}.elementor-widget-divider--element-align-right .elementor-divider .elementor-divider-separator>.elementor-divider__svg:last-of-type{-webkit-box-flex:0;-ms-flex-positive:0;flex-grow:0;-ms-flex-negative:100;flex-shrink:100}.elementor-widget-divider--element-align-right .elementor-divider-separator:after{content:none}.elementor-widget-divider--element-align-right .elementor-divider__element{margin-right:0}.elementor-widget-divider:not(.elementor-widget-divider--view-line_text):not(.elementor-widget-divider--view-line_icon) .elementor-divider-separator{border-top:var(--divider-border-width) var(--divider-border-style) var(--divider-color)}.elementor-widget-divider--separator-type-pattern{--divider-border-style:none}.elementor-widget-divider--separator-type-pattern.elementor-widget-divider--view-line .elementor-divider-separator,.elementor-widget-divider--separator-type-pattern:not(.elementor-widget-divider--view-line) .elementor-divider-separator:after,.elementor-widget-divider--separator-type-pattern:not(.elementor-widget-divider--view-line) .elementor-divider-separator:before,.elementor-widget-divider--separator-type-pattern:not([class*=elementor-widget-divider--view]) .elementor-divider-separator{width:100%;min-height:var(--divider-pattern-height);-webkit-mask-size:var(--divider-pattern-size) 100%;mask-size:var(--divider-pattern-size) 100%;-webkit-mask-repeat:var(--divider-pattern-repeat);mask-repeat:var(--divider-pattern-repeat);background-color:var(--divider-color);-webkit-mask-image:var(--divider-pattern-url);mask-image:var(--divider-pattern-url)}.elementor-widget-divider--no-spacing{--divider-pattern-size:auto}.elementor-widget-divider--bg-round{--divider-pattern-repeat:round}.rtl .elementor-widget-divider .elementor-divider__text{direction:rtl}<\/style>\t\t<div class=\"elementor-divider\">\n\t\t\t<span class=\"elementor-divider-separator\">\n\t\t\t\t\t\t<\/span>\n\t\t<\/div>\n\t\t\t\t<\/div>\n\t\t\t\t<\/div>\n\t\t\t\t\t<\/div>\n\t\t<\/div>\n\t\t\t\t\t\t\t<\/div>\n\t\t<\/section>\n\t\t\t\t<section class=\"elementor-section elementor-top-section elementor-element elementor-element-505d3fe elementor-section-boxed elementor-section-height-default elementor-section-height-default\" data-id=\"505d3fe\" data-element_type=\"section\">\n\t\t\t\t\t\t<div class=\"elementor-container elementor-column-gap-default\">\n\t\t\t\t\t<div class=\"elementor-column elementor-col-33 elementor-top-column elementor-element elementor-element-db2c9ed\" data-id=\"db2c9ed\" data-element_type=\"column\">\n\t\t\t<div class=\"elementor-widget-wrap elementor-element-populated\">\n\t\t\t\t\t\t\t\t<div class=\"elementor-element elementor-element-1e5f52c elementor-widget elementor-widget-heading\" data-id=\"1e5f52c\" data-element_type=\"widget\" data-widget_type=\"heading.default\">\n\t\t\t\t<div class=\"elementor-widget-container\">\n\t\t\t<h2 class=\"elementor-heading-title elementor-size-medium\">\n\n<\/h2>\t\t<\/div>\n\t\t\t\t<\/div>\n\t\t\t\t<div class=\"elementor-element elementor-element-84e1bf4 elementor-widget elementor-widget-image\" data-id=\"84e1bf4\" data-element_type=\"widget\" data-widget_type=\"image.default\">\n\t\t\t\t<div class=\"elementor-widget-container\">\n\t\t\t\t\t\t\t\t\t\t\t\t\t\t\t<img width=\"1024\" height=\"683\" src=\"http:\/\/www.yhteisetaskeleet.fi\/aihio\/wp-content\/uploads\/2022\/05\/family-g2dfef02bd_1920-1024x683.jpg\" class=\"attachment-large size-large\" alt=\"\" loading=\"lazy\" srcset=\"http:\/\/www.yhteisetaskeleet.fi\/aihio\/wp-content\/uploads\/2022\/05\/family-g2dfef02bd_1920-1024x683.jpg 1024w, http:\/\/www.yhteisetaskeleet.fi\/aihio\/wp-content\/uploads\/2022\/05\/family-g2dfef02bd_1920-300x200.jpg 300w, http:\/\/www.yhteisetaskeleet.fi\/aihio\/wp-content\/uploads\/2022\/05\/family-g2dfef02bd_1920-768x512.jpg 768w, http:\/\/www.yhteisetaskeleet.fi\/aihio\/wp-content\/uploads\/2022\/05\/family-g2dfef02bd_1920-1536x1024.jpg 1536w, http:\/\/www.yhteisetaskeleet.fi\/aihio\/wp-content\/uploads\/2022\/05\/family-g2dfef02bd_1920.jpg 1920w\" sizes=\"(max-width: 1024px) 100vw, 1024px\" \/>\t\t\t\t\t\t\t\t\t\t\t\t\t\t\t<\/div>\n\t\t\t\t<\/div>\n\t\t\t\t\t<\/div>\n\t\t<\/div>\n\t\t\t\t<div class=\"elementor-column elementor-col-66 elementor-top-column elementor-element elementor-element-446a5b9\" data-id=\"446a5b9\" data-element_type=\"column\">\n\t\t\t<div class=\"elementor-widget-wrap elementor-element-populated\">\n\t\t\t\t\t\t\t\t<div class=\"elementor-element elementor-element-4bae012 elementor-widget elementor-widget-text-editor\" data-id=\"4bae012\" data-element_type=\"widget\" data-widget_type=\"text-editor.default\">\n\t\t\t\t<div class=\"elementor-widget-container\">\n\t\t\t\t\t\t\t<h2>Ammatillinen tukihenkil\u00f6toiminta<\/h2><p>Ammatillinen tukihenkil\u00f6toiminta tarjoaa turvallisen aikuisen tukea ja ohjausta lapselle tai nuorelle. Toiminnalla vahvistetaan my\u00f6nteist\u00e4 kehityst\u00e4 ja el\u00e4m\u00e4nhallintaa. Tukihenkil\u00f6toiminta on tavoitteellista tukea el\u00e4m\u00e4n haastavissa tilanteissa ja sit\u00e4 toteutetaan lapsen\/nuoren ja t\u00e4m\u00e4n perheen omassa toimintaymp\u00e4rist\u00f6ss\u00e4.<\/p><p>Ty\u00f6skentelyn tavoitteet ja toimintatapa sovitaan aina yksil\u00f6llisesti tarpeiden ja toiveiden mukaan yhdess\u00e4 lapsen\/nuoren, h\u00e4nen perheens\u00e4 ja sosiaality\u00f6ntelij\u00e4ns\u00e4 kanssa.\u00a0<\/p>\t\t\t\t\t\t<\/div>\n\t\t\t\t<\/div>\n\t\t\t\t\t<\/div>\n\t\t<\/div>\n\t\t\t\t\t\t\t<\/div>\n\t\t<\/section>\n\t\t\t\t<section class=\"elementor-section elementor-top-section elementor-element elementor-element-3c7421f elementor-section-boxed elementor-section-height-default elementor-section-height-default\" data-id=\"3c7421f\" data-element_type=\"section\">\n\t\t\t\t\t\t<div class=\"elementor-container elementor-column-gap-default\">\n\t\t\t\t\t<div class=\"elementor-column elementor-col-100 elementor-top-column elementor-element elementor-element-8662583\" data-id=\"8662583\" data-element_type=\"column\">\n\t\t\t<div class=\"elementor-widget-wrap elementor-element-populated\">\n\t\t\t\t\t\t\t\t<div class=\"elementor-element elementor-element-5a285d7 elementor-widget-divider--view-line elementor-widget elementor-widget-divider\" data-id=\"5a285d7\" data-element_type=\"widget\" data-widget_type=\"divider.default\">\n\t\t\t\t<div class=\"elementor-widget-container\">\n\t\t\t\t\t<div class=\"elementor-divider\">\n\t\t\t<span class=\"elementor-divider-separator\">\n\t\t\t\t\t\t<\/span>\n\t\t<\/div>\n\t\t\t\t<\/div>\n\t\t\t\t<\/div>\n\t\t\t\t\t<\/div>\n\t\t<\/div>\n\t\t\t\t\t\t\t<\/div>\n\t\t<\/section>\n\t\t\t\t<section class=\"elementor-section elementor-top-section elementor-element elementor-element-87c5cbe elementor-section-boxed elementor-section-height-default elementor-section-height-default\" data-id=\"87c5cbe\" data-element_type=\"section\">\n\t\t\t\t\t\t<div class=\"elementor-container elementor-column-gap-default\">\n\t\t\t\t\t<div class=\"elementor-column elementor-col-33 elementor-top-column elementor-element elementor-element-444fd43\" data-id=\"444fd43\" data-element_type=\"column\">\n\t\t\t<div class=\"elementor-widget-wrap elementor-element-populated\">\n\t\t\t\t\t\t\t\t<div class=\"elementor-element elementor-element-35ef672 elementor-widget elementor-widget-image\" data-id=\"35ef672\" data-element_type=\"widget\" data-widget_type=\"image.default\">\n\t\t\t\t<div class=\"elementor-widget-container\">\n\t\t\t\t\t\t\t\t\t\t\t\t\t\t\t<img width=\"1024\" height=\"683\" src=\"http:\/\/www.yhteisetaskeleet.fi\/aihio\/wp-content\/uploads\/2022\/05\/family-g9470e7211_1920-1024x683.jpg\" class=\"attachment-large size-large\" alt=\"\" loading=\"lazy\" srcset=\"http:\/\/www.yhteisetaskeleet.fi\/aihio\/wp-content\/uploads\/2022\/05\/family-g9470e7211_1920-1024x683.jpg 1024w, http:\/\/www.yhteisetaskeleet.fi\/aihio\/wp-content\/uploads\/2022\/05\/family-g9470e7211_1920-300x200.jpg 300w, http:\/\/www.yhteisetaskeleet.fi\/aihio\/wp-content\/uploads\/2022\/05\/family-g9470e7211_1920-768x512.jpg 768w, http:\/\/www.yhteisetaskeleet.fi\/aihio\/wp-content\/uploads\/2022\/05\/family-g9470e7211_1920-1536x1024.jpg 1536w, http:\/\/www.yhteisetaskeleet.fi\/aihio\/wp-content\/uploads\/2022\/05\/family-g9470e7211_1920.jpg 1920w\" sizes=\"(max-width: 1024px) 100vw, 1024px\" \/>\t\t\t\t\t\t\t\t\t\t\t\t\t\t\t<\/div>\n\t\t\t\t<\/div>\n\t\t\t\t\t<\/div>\n\t\t<\/div>\n\t\t\t\t<div class=\"elementor-column elementor-col-66 elementor-top-column elementor-element elementor-element-e0b0aa4\" data-id=\"e0b0aa4\" data-element_type=\"column\">\n\t\t\t<div class=\"elementor-widget-wrap elementor-element-populated\">\n\t\t\t\t\t\t\t\t<div class=\"elementor-element elementor-element-8069e42 elementor-widget elementor-widget-text-editor\" data-id=\"8069e42\" data-element_type=\"widget\" data-widget_type=\"text-editor.default\">\n\t\t\t\t<div class=\"elementor-widget-container\">\n\t\t\t\t\t\t\t<h2>Perhety\u00f6<\/h2><p>Perhety\u00f6n tavoitteena on tukea ja auttaa perhett\u00e4 arjen haasteissa. Pyrkimyksen\u00e4 on perheen voimavarojen, osallisuuden ja toimintakyvyn kasvattaminen sek\u00e4 arjen hallinnan taitojen tukeminen. Ty\u00f6 on kokonaisvaltaista, suunnitelmallista ja pitk\u00e4j\u00e4nteist\u00e4 ja se\u00a0 suunnitellaan yhdess\u00e4 perheen sek\u00e4 heid\u00e4n oman sosiaality\u00f6ntekij\u00e4ns\u00e4 kanssa.<\/p><p>Perhety\u00f6t\u00e4 tehd\u00e4\u00e4n perheen omassa toimintaymp\u00e4rist\u00f6ss\u00e4 sen verkostot huomioiden. Ty\u00f6 perustuu luottamukseen, osallisuuden kasvattamiseen, toiminnallisuuteen ja positiivisuuteen.\u00a0<\/p>\t\t\t\t\t\t<\/div>\n\t\t\t\t<\/div>\n\t\t\t\t\t<\/div>\n\t\t<\/div>\n\t\t\t\t\t\t\t<\/div>\n\t\t<\/section>\n\t\t\t\t<section class=\"elementor-section elementor-top-section elementor-element elementor-element-19da6b7 elementor-section-boxed elementor-section-height-default elementor-section-height-default\" data-id=\"19da6b7\" data-element_type=\"section\">\n\t\t\t\t\t\t<div class=\"elementor-container elementor-column-gap-default\">\n\t\t\t\t\t<div class=\"elementor-column elementor-col-33 elementor-top-column elementor-element elementor-element-b23b6cd\" data-id=\"b23b6cd\" data-element_type=\"column\">\n\t\t\t<div class=\"elementor-widget-wrap\">\n\t\t\t\t\t\t\t\t\t<\/div>\n\t\t<\/div>\n\t\t\t\t<div class=\"elementor-column elementor-col-33 elementor-top-column elementor-element elementor-element-8ab9ce4\" data-id=\"8ab9ce4\" data-element_type=\"column\">\n\t\t\t<div class=\"elementor-widget-wrap\">\n\t\t\t\t\t\t\t\t\t<\/div>\n\t\t<\/div>\n\t\t\t\t<div class=\"elementor-column elementor-col-33 elementor-top-column elementor-element elementor-element-1640f45\" data-id=\"1640f45\" data-element_type=\"column\">\n\t\t\t<div class=\"elementor-widget-wrap\">\n\t\t\t\t\t\t\t\t\t<\/div>\n\t\t<\/div>\n\t\t\t\t\t\t\t<\/div>\n\t\t<\/section>\n\t\t\t\t\t\t\t<\/div>\n\t\t","protected":false},"excerpt":{"rendered":"<p>Palvelumme J\u00e4lkihuoltoty\u00f6 J\u00e4lkihuollon tavoitteena on tukea itsen\u00e4istyv\u00e4\u00e4 nuorta oman el\u00e4m\u00e4n askeleissa. Arjen askareita ja joka p\u00e4iv\u00e4isen el\u00e4m\u00e4n taitoja harjoitellaan yhdess\u00e4 nuoren voimavarat, toimintaymp\u00e4rist\u00f6,\u00a0 l\u00e4heiset ihmiset ja l\u00e4hiverkostot huomioiden. Pureudumme mm. taloudenhallintaa, harrastustoimintaan, kodinhoitoon, sosiaalisten kanssak\u00e4ymisten harjoitteluun ja viranomaisasioiden hoitoon. Yhdess\u00e4. J\u00e4lkihuolto suunnitellaan aina yhdess\u00e4 nuoren ja h\u00e4nen sosiaality\u00f6ntekij\u00e4ns\u00e4 kanssa. Ty\u00f6n kulmakivin\u00e4 ovat luottamus, asiakasl\u00e4ht\u00f6isyys, avoimuus &hellip;<\/p>\n<p class=\"read-more\"> <a class=\"\" href=\"http:\/\/www.yhteisetaskeleet.fi\/aihio\/index.php\/blogi\/\"> <span class=\"screen-reader-text\">Palvelumme<\/span> Lue lis\u00e4\u00e4 &raquo;<\/a><\/p>\n","protected":false},"author":1,"featured_media":0,"parent":0,"menu_order":0,"comment_status":"closed","ping_status":"closed","template":"elementor_header_footer","meta":{"_coblocks_attr":"","_coblocks_dimensions":"","_coblocks_responsive_height":"","_coblocks_accordion_ie_support":"","site-sidebar-layout":"default","site-content-layout":"default","ast-global-header-display":"","ast-main-header-display":"","ast-hfb-above-header-display":"","ast-hfb-below-header-display":"","ast-hfb-mobile-header-display":"","site-post-title":"","ast-breadcrumbs-content":"","ast-featured-img":"","footer-sml-layout":"","theme-transparent-header-meta":"","adv-header-id-meta":"","stick-header-meta":"","header-above-stick-meta":"","header-main-stick-meta":"","header-below-stick-meta":""},"_links":{"self":[{"href":"http:\/\/www.yhteisetaskeleet.fi\/aihio\/index.php\/wp-json\/wp\/v2\/pages\/9"}],"collection":[{"href":"http:\/\/www.yhteisetaskeleet.fi\/aihio\/index.php\/wp-json\/wp\/v2\/pages"}],"about":[{"href":"http:\/\/www.yhteisetaskeleet.fi\/aihio\/index.php\/wp-json\/wp\/v2\/types\/page"}],"author":[{"embeddable":true,"href":"http:\/\/www.yhteisetaskeleet.fi\/aihio\/index.php\/wp-json\/wp\/v2\/users\/1"}],"replies":[{"embeddable":true,"href":"http:\/\/www.yhteisetaskeleet.fi\/aihio\/index.php\/wp-json\/wp\/v2\/comments?post=9"}],"version-history":[{"count":46,"href":"http:\/\/www.yhteisetaskeleet.fi\/aihio\/index.php\/wp-json\/wp\/v2\/pages\/9\/revisions"}],"predecessor-version":[{"id":393,"href":"http:\/\/www.yhteisetaskeleet.fi\/aihio\/index.php\/wp-json\/wp\/v2\/pages\/9\/revisions\/393"}],"wp:attachment":[{"href":"http:\/\/www.yhteisetaskeleet.fi\/aihio\/index.php\/wp-json\/wp\/v2\/media?parent=9"}],"curies":[{"name":"wp","href":"https:\/\/api.w.org\/{rel}","templated":true}]}}